{"id":30,"date":"2025-06-30T14:34:28","date_gmt":"2025-06-30T12:34:28","guid":{"rendered":"http:\/\/localhost\/Landing%20Jos%C3%A9%20Ignacio\/wordpress\/?page_id=30"},"modified":"2025-07-02T10:28:02","modified_gmt":"2025-07-02T08:28:02","slug":"prueba","status":"publish","type":"page","link":"https:\/\/www.josecuadra.cl\/","title":{"rendered":"Jos\u00e9 Ignacio Cuadra Verdejo"},"content":{"rendered":"\n<p class=\"hideme\">Periodista, conferencista y consultor. Con m\u00e1s de 10 a\u00f1os de experiencia en medios de comunicaci\u00f3n, instituciones p\u00fablicas y organizaciones sociales, acompa\u00f1o a l\u00edderes y equipos a comunicar con prop\u00f3sito e incorporar la inclusi\u00f3n como un eje estrat\u00e9gico.<\/p>\n\n\n\n<p class=\"hideme\">Desde la Fundaci\u00f3n Luz y en mi trayectoria como speaker, he trabajado con empresas, universidades y entidades gubernamentales para impulsar el cambio cultural hacia entornos laborales m\u00e1s diversos, seguros y humanos.<\/p>\n\n\n\n<p class=\"hideme\">Creo firmemente en que la inclusi\u00f3n no se declara, se construye desde lo cotidiano y lo estrat\u00e9gico.<\/p>\n","protected":false},"excerpt":{"rendered":"<p>Periodista, conferencista y consultor. Con m\u00e1s de 10 a\u00f1os de experiencia en medios de comunicaci\u00f3n, instituciones p\u00fablicas y organizaciones sociales, acompa\u00f1o a l\u00edderes y equipos a comunicar con prop\u00f3sito e incorporar la inclusi\u00f3n como un eje estrat\u00e9gico. Desde la Fundaci\u00f3n Luz y en mi trayectoria como speaker, he trabajado con empresas, universidades y entidades gubernamentales [&hellip;]<\/p>\n","protected":false},"author":1,"featured_media":43,"parent":0,"menu_order":0,"comment_status":"closed","ping_status":"closed","template":"home-page.php","meta":{"_acf_changed":false,"footnotes":""},"class_list":["post-30","page","type-page","status-publish","has-post-thumbnail","hentry"],"acf":[],"_links":{"self":[{"href":"https:\/\/www.josecuadra.cl\/index.php?rest_route=\/wp\/v2\/pages\/30","targetHints":{"allow":["GET"]}}],"collection":[{"href":"https:\/\/www.josecuadra.cl\/index.php?rest_route=\/wp\/v2\/pages"}],"about":[{"href":"https:\/\/www.josecuadra.cl\/index.php?rest_route=\/wp\/v2\/types\/page"}],"author":[{"embeddable":true,"href":"https:\/\/www.josecuadra.cl\/index.php?rest_route=\/wp\/v2\/users\/1"}],"replies":[{"embeddable":true,"href":"https:\/\/www.josecuadra.cl\/index.php?rest_route=%2Fwp%2Fv2%2Fcomments&post=30"}],"version-history":[{"count":26,"href":"https:\/\/www.josecuadra.cl\/index.php?rest_route=\/wp\/v2\/pages\/30\/revisions"}],"predecessor-version":[{"id":117,"href":"https:\/\/www.josecuadra.cl\/index.php?rest_route=\/wp\/v2\/pages\/30\/revisions\/117"}],"wp:featuredmedia":[{"embeddable":true,"href":"https:\/\/www.josecuadra.cl\/index.php?rest_route=\/wp\/v2\/media\/43"}],"wp:attachment":[{"href":"https:\/\/www.josecuadra.cl\/index.php?rest_route=%2Fwp%2Fv2%2Fmedia&parent=30"}],"curies":[{"name":"wp","href":"https:\/\/api.w.org\/{rel}","templated":true}]}}